{"id":2168,"date":"2024-09-17T20:00:53","date_gmt":"2024-09-17T20:00:53","guid":{"rendered":"https:\/\/www.dnc-automation.com\/vn\/?p=2168"},"modified":"2024-11-01T18:42:22","modified_gmt":"2024-11-01T18:42:22","slug":"thach-rau-cau","status":"publish","type":"product","link":"https:\/\/www.dnc-automation.com\/vn\/product\/may-dong-goi\/thach-rau-cau\/","title":{"rendered":"D\u00e2y chuy\u1ec1n m\u00e1y \u0111\u00f3ng g\u00f3i th\u1ea1ch"},"content":{"rendered":"<div id=\"ez-toc-container\" class=\"ez-toc-v2_0_71 ez-toc-wrap-center counter-hierarchy ez-toc-counter ez-toc-grey ez-toc-container-direction\">\n<div class=\"ez-toc-title-container\">\n<p class=\"ez-toc-title\" style=\"cursor:inherit\">M\u1ee5c L\u1ee5c<\/p>\n<span class=\"ez-toc-title-toggle\"><a href=\"#\" class=\"ez-toc-pull-right ez-toc-btn ez-toc-btn-xs ez-toc-btn-default ez-toc-toggle\" aria-label=\"Toggle Table of Content\"><span class=\"ez-toc-js-icon-con\"><span class=\"\"><span class=\"eztoc-hide\" style=\"display:none;\">Toggle<\/span><span class=\"ez-toc-icon-toggle-span\"><svg style=\"fill: #999;color:#999\" xmlns=\"http:\/\/www.w3.org\/2000\/svg\" class=\"list-377408\" width=\"20px\" height=\"20px\" viewBox=\"0 0 24 24\" fill=\"none\"><path d=\"M6 6H4v2h2V6zm14 0H8v2h12V6zM4 11h2v2H4v-2zm16 0H8v2h12v-2zM4 16h2v2H4v-2zm16 0H8v2h12v-2z\" fill=\"currentColor\"><\/path><\/svg><svg style=\"fill: #999;color:#999\" class=\"arrow-unsorted-368013\" xmlns=\"http:\/\/www.w3.org\/2000\/svg\" width=\"10px\" height=\"10px\" viewBox=\"0 0 24 24\" version=\"1.2\" baseProfile=\"tiny\"><path d=\"M18.2 9.3l-6.2-6.3-6.2 6.3c-.2.2-.3.4-.3.7s.1.5.3.7c.2.2.4.3.7.3h11c.3 0 .5-.1.7-.3.2-.2.3-.5.3-.7s-.1-.5-.3-.7zM5.8 14.7l6.2 6.3 6.2-6.3c.2-.2.3-.5.3-.7s-.1-.5-.3-.7c-.2-.2-.4-.3-.7-.3h-11c-.3 0-.5.1-.7.3-.2.2-.3.5-.3.7s.1.5.3.7z\"\/><\/svg><\/span><\/span><\/span><\/a><\/span><\/div>\n<nav><ul class='ez-toc-list ez-toc-list-level-1 ' ><li class='ez-toc-page-1 ez-toc-heading-level-2'><a class=\"ez-toc-link ez-toc-heading-1\" href=\"https:\/\/www.dnc-automation.com\/vn\/product\/may-dong-goi\/thach-rau-cau\/#Vi_sao_nen_su_dung_may_dong_thach_trong_san_xuat\" title=\"V\u00ec sao n\u00ean s\u1eed d\u1ee5ng m\u00e1y \u0111\u00f3ng th\u1ea1ch trong s\u1ea3n xu\u1ea5t?\">V\u00ec sao n\u00ean s\u1eed d\u1ee5ng m\u00e1y \u0111\u00f3ng th\u1ea1ch trong s\u1ea3n xu\u1ea5t?<\/a><\/li><li class='ez-toc-page-1 ez-toc-heading-level-2'><a class=\"ez-toc-link ez-toc-heading-2\" href=\"https:\/\/www.dnc-automation.com\/vn\/product\/may-dong-goi\/thach-rau-cau\/#Cau_tao_day_chuyen_san_xuat_tu_dong_cua_may_dong_goi_thach_nhu_the_nao\" title=\"C\u1ea5u t\u1ea1o d\u00e2y chuy\u1ec1n s\u1ea3n xu\u1ea5t t\u1ef1 \u0111\u1ed9ng c\u1ee7a m\u00e1y \u0111\u00f3ng g\u00f3i th\u1ea1ch nh\u01b0 th\u1ebf n\u00e0o?\">C\u1ea5u t\u1ea1o d\u00e2y chuy\u1ec1n s\u1ea3n xu\u1ea5t t\u1ef1 \u0111\u1ed9ng c\u1ee7a m\u00e1y \u0111\u00f3ng g\u00f3i th\u1ea1ch nh\u01b0 th\u1ebf n\u00e0o?<\/a><\/li><li class='ez-toc-page-1 ez-toc-heading-level-2'><a class=\"ez-toc-link ez-toc-heading-3\" href=\"https:\/\/www.dnc-automation.com\/vn\/product\/may-dong-goi\/thach-rau-cau\/#Thong_so_ky_thuat_cua_may_dong_goi_thach\" title=\"Th\u00f4ng s\u1ed1 k\u1ef9 thu\u1eadt c\u1ee7a m\u00e1y \u0111\u00f3ng g\u00f3i th\u1ea1ch\">Th\u00f4ng s\u1ed1 k\u1ef9 thu\u1eadt c\u1ee7a m\u00e1y \u0111\u00f3ng g\u00f3i th\u1ea1ch<\/a><\/li><li class='ez-toc-page-1 ez-toc-heading-level-2'><a class=\"ez-toc-link ez-toc-heading-4\" href=\"https:\/\/www.dnc-automation.com\/vn\/product\/may-dong-goi\/thach-rau-cau\/#Nhung_luu_y_khi_su_dung_may_dong_goi_thach_ma_ban_nen_biet\" title=\"Nh\u1eefng l\u01b0u \u00fd khi s\u1eed d\u1ee5ng m\u00e1y \u0111\u00f3ng g\u00f3i th\u1ea1ch m\u00e0 b\u1ea1n n\u00ean bi\u1ebft\">Nh\u1eefng l\u01b0u \u00fd khi s\u1eed d\u1ee5ng m\u00e1y \u0111\u00f3ng g\u00f3i th\u1ea1ch m\u00e0 b\u1ea1n n\u00ean bi\u1ebft<\/a><\/li><li class='ez-toc-page-1 ez-toc-heading-level-2'><a class=\"ez-toc-link ez-toc-heading-5\" href=\"https:\/\/www.dnc-automation.com\/vn\/product\/may-dong-goi\/thach-rau-cau\/#Vay_nen_mua_may_dong_goi_thach_o_dau\" title=\"V\u1eady n\u00ean mua m\u00e1y \u0111\u00f3ng g\u00f3i th\u1ea1ch \u1edf \u0111\u00e2u?\">V\u1eady n\u00ean mua m\u00e1y \u0111\u00f3ng g\u00f3i th\u1ea1ch \u1edf \u0111\u00e2u?<\/a><\/li><\/ul><\/nav><\/div>\n<h2><span class=\"ez-toc-section\" id=\"Vi_sao_nen_su_dung_may_dong_thach_trong_san_xuat\"><\/span><span style=\"font-weight: 400;\">V\u00ec sao n\u00ean s\u1eed d\u1ee5ng m\u00e1y \u0111\u00f3ng th\u1ea1ch trong s\u1ea3n xu\u1ea5t?<\/span><span class=\"ez-toc-section-end\"><\/span><\/h2>\n<p><span style=\"font-weight: 400;\">M\u00e1y \u0111\u00f3ng g\u00f3i th\u1ea1ch l\u00e0 thi\u1ebft b\u1ecb chuy\u00ean d\u1ee5ng \u0111\u01b0\u1ee3c thi\u1ebft k\u1ebf \u0111\u1ec3 \u0111\u00f3ng g\u00f3i c\u00e1c s\u1ea3n ph\u1ea9m v\u1edbi \u0111\u1ed9 ch\u00ednh x\u00e1c cao v\u00e0 t\u1ed1i \u01b0u nh\u1ea5t. N\u1ebfu c\u00f4ng ty b\u1ea1n \u0111ang kinh doanh m\u1eb7t h\u00e0ng n\u00e0y th\u00ec \u0111\u00e2y s\u1ebd l\u00e0 l\u1ef1a ch\u1ecdn t\u1ed1t nh\u1ea5t cho b\u1ea1n.<\/span><\/p>\n<figure id=\"attachment_2171\" aria-describedby=\"caption-attachment-2171\" style=\"width: 748px\" class=\"wp-caption aligncenter\"><img fetchpriority=\"high\" decoding=\"async\" class=\"wp-image-2171 size-full\" src=\"https:\/\/www.dnc-automation.com\/vn\/wp-content\/uploads\/2024\/09\/may-dong-goi-thach-khai-niem.jpg\" alt=\"T\u1ed5ng quan v\u1ec1 d\u00e2y chuy\u1ec1n m\u00e1y \u0111\u00f3ng g\u00f3i th\u1ea1ch\" width=\"748\" height=\"497\" \/><figcaption id=\"caption-attachment-2171\" class=\"wp-caption-text\">T\u1ed5ng quan v\u1ec1 d\u00e2y chuy\u1ec1n m\u00e1y \u0111\u00f3ng g\u00f3i th\u1ea1ch<\/figcaption><\/figure>\n<p><strong>Ti\u1ebft ki\u1ec7m th\u1eddi gian, chi ph\u00ed s\u1ea3n xu\u1ea5t cho doanh nghi\u1ec7p<\/strong><\/p>\n<p><span style=\"font-weight: 400;\">M\u00e1y \u0111\u00f3ng g\u00f3i th\u1ea1ch thay th\u1ebf m\u1ed9t ph\u1ea7n c\u00f4ng vi\u1ec7c c\u1ee7a nh\u00e2n c\u00f4ng gi\u00fap doanh nghi\u1ec7p gi\u1ea3m chi ph\u00ed lao \u0111\u1ed9ng v\u00e0 qu\u1ea3n l\u00fd. Ngo\u00e0i ra vi\u1ec7c t\u1ef1 \u0111\u1ed9ng h\u00f3a quy tr\u00ecnh \u0111\u00f3ng g\u00f3i s\u1ebd ti\u1ebft ki\u1ec7m \u0111\u01b0\u1ee3c kh\u00e1 nhi\u1ec1u th\u1eddi gian so v\u1edbi l\u00e0m b\u1eb1ng tay. M\u1ed7i ph\u00fat n\u0103ng su\u1ea5t m\u00e1y c\u00f3 th\u1ec3 \u0111\u1ea1t t\u1eeb 30-50sp\/p ( t\u00f9y tr\u1ecdng l\u01b0\u1ee3ng t\u00fai)<\/span><\/p>\n<p><strong>B\u1ea3o v\u1ec7 ch\u1ea5t l\u01b0\u1ee3ng s\u1ea3n ph\u1ea9m<\/strong><\/p>\n<p><span style=\"font-weight: 400;\">M\u00e1y \u0111\u00f3ng g\u00f3i th\u1ea1ch th\u01b0\u1eddng \u0111i k\u00e8m v\u1edbi h\u1ec7 th\u1ed1ng \u0111\u00f3ng k\u00edn v\u00e0 ni\u00eam phong, gi\u00fap b\u1ea3o v\u1ec7 s\u1ea3n ph\u1ea9m kh\u1ecfi s\u1ef1 ti\u1ebfp x\u00fac v\u1edbi kh\u00f4ng kh\u00ed, b\u1ee5i b\u1ea9n v\u00e0 c\u00e1c y\u1ebfu t\u1ed1 m\u00f4i tr\u01b0\u1eddng kh\u00e1c. \u0110i\u1ec1u n\u00e0y gi\u00fap duy tr\u00ec ch\u1ea5t l\u01b0\u1ee3ng s\u1ea3n ph\u1ea9m v\u00e0 k\u00e9o d\u00e0i th\u1eddi gian b\u1ea3o qu\u1ea3n. Ngo\u00e0i ra, t\u1ea5t c\u1ea3 linh ki\u1ec7n \u0111i\u1ec7n m\u1edbi 100% \u0111\u01b0\u1ee3c nh\u1eadp kh\u1ea9u ch\u00ednh h\u00e3ng c\u00f3 CO,CQ ki\u1ec3m \u0111\u1ecbnh\u00a0<\/span><\/p>\n<p><strong>\u0110\u1ea3m b\u1ea3o k\u00edch th\u01b0\u1edbc v\u00e0 kh\u1ed1i l\u01b0\u1ee3ng ch\u00ednh x\u00e1c<\/strong><\/p>\n<p><span style=\"font-weight: 400;\">M\u00e1y \u0111\u00f3ng g\u00f3i th\u1ea1ch s\u1eed d\u1ee5ng c\u00e1c thi\u1ebft b\u1ecb \u0111o l\u01b0\u1eddng v\u00e0 \u0111i\u1ec1u khi\u1ec3n t\u1ef1 \u0111\u1ed9ng \u0111\u1ec3 \u0111\u1ea3m b\u1ea3o r\u1eb1ng m\u1ed7i g\u00f3i s\u1ea3n ph\u1ea9m c\u00f3 k\u00edch th\u01b0\u1edbc v\u00e0 kh\u1ed1i l\u01b0\u1ee3ng \u0111\u1ed3ng nh\u1ea5t. \u0110i\u1ec1u n\u00e0y gi\u00fap duy tr\u00ec ch\u1ea5t l\u01b0\u1ee3ng s\u1ea3n ph\u1ea9m v\u00e0 t\u0103ng c\u01b0\u1eddng s\u1ef1 h\u00e0i l\u00f2ng c\u1ee7a kh\u00e1ch h\u00e0ng.<\/span><\/p>\n<h2><span class=\"ez-toc-section\" id=\"Cau_tao_day_chuyen_san_xuat_tu_dong_cua_may_dong_goi_thach_nhu_the_nao\"><\/span><span style=\"font-weight: 400;\">C\u1ea5u t\u1ea1o d\u00e2y chuy\u1ec1n s\u1ea3n xu\u1ea5t t\u1ef1 \u0111\u1ed9ng c\u1ee7a m\u00e1y \u0111\u00f3ng g\u00f3i th\u1ea1ch nh\u01b0 th\u1ebf n\u00e0o?<\/span><span class=\"ez-toc-section-end\"><\/span><\/h2>\n<p><span style=\"font-weight: 400;\">C\u1ea5u t\u1ea1o c\u1ee7a m\u00e1y \u0111\u00f3ng g\u00f3i th\u1ea1ch g\u1ed3m 6 ph\u1ea7n ch\u00ednh nh\u01b0 sau:<\/span><\/p>\n<ul>\n<li style=\"font-weight: 400;\" aria-level=\"1\"><b>M\u00e1y tr\u1ed9n nguy\u00ean li\u1ec7u<\/b><span style=\"font-weight: 400;\">: Thi\u1ebft b\u1ecb n\u00e0y gi\u00fap tr\u1ed9n c\u00e1c nguy\u00ean li\u1ec7u nh\u01b0 b\u1ed9t rau c\u00e2u, n\u01b0\u1edbc, \u0111\u01b0\u1eddng v\u00e0 c\u00e1c h\u1ee3p ch\u1ea5t kh\u00e1c th\u00e0nh m\u1ed9t h\u1ed7n h\u1ee3p \u0111\u1ed3ng nh\u1ea5t.<\/span><\/li>\n<\/ul>\n<figure id=\"attachment_2170\" aria-describedby=\"caption-attachment-2170\" style=\"width: 748px\" class=\"wp-caption aligncenter\"><img decoding=\"async\" class=\"wp-image-2170 size-full\" src=\"https:\/\/www.dnc-automation.com\/vn\/wp-content\/uploads\/2024\/09\/may-dong-goi-thach-cau-tao-may-tron.jpg\" alt=\"M\u00e1y tr\u1ed9n nguy\u00ean li\u1ec7u trong d\u00e2y chuy\u1ec1n\" width=\"748\" height=\"464\" \/><figcaption id=\"caption-attachment-2170\" class=\"wp-caption-text\">M\u00e1y tr\u1ed9n nguy\u00ean li\u1ec7u trong d\u00e2y chuy\u1ec1n<\/figcaption><\/figure>\n<ul>\n<li style=\"font-weight: 400;\" aria-level=\"1\"><b>B\u1ed3n gia nhi\u1ec7t<\/b><span style=\"font-weight: 400;\">: \u0110\u00e2y l\u00e0 n\u01a1i \u0111\u1ec3 \u0111un s\u00f4i dung d\u1ecbch th\u1ea1ch rau c\u00e2u. V\u1edbi th\u00e2n m\u00e1y v\u00e0 n\u1ed3i \u0111un \u0111\u01b0\u1ee3c l\u00e0m t\u1eeb th\u00e9p inox 304 kh\u00f4ng g\u1ec9, c\u00f3 kh\u1ea3 n\u0103ng ch\u1ecbu nhi\u1ec7t t\u1ed1t.<\/span><\/li>\n<\/ul>\n<figure id=\"attachment_2169\" aria-describedby=\"caption-attachment-2169\" style=\"width: 748px\" class=\"wp-caption aligncenter\"><img decoding=\"async\" class=\"wp-image-2169 size-full\" src=\"https:\/\/www.dnc-automation.com\/vn\/wp-content\/uploads\/2024\/09\/may-dong-goi-thach-bon-gia-nhiet.jpg\" alt=\"Thi\u1ebft b\u1ecb b\u1ed3n gia nhi\u1ec7t\" width=\"748\" height=\"748\" \/><figcaption id=\"caption-attachment-2169\" class=\"wp-caption-text\">Thi\u1ebft b\u1ecb b\u1ed3n gia nhi\u1ec7t<\/figcaption><\/figure>\n<ul>\n<li style=\"font-weight: 400;\" aria-level=\"1\"><b>H\u1ec7 th\u1ed1ng l\u1ecdc<\/b><span style=\"font-weight: 400;\">: Trong d\u00e2y chuy\u1ec1n m\u00e1y \u0111\u00f3ng g\u00f3i th\u1ea1ch h\u1ec7 th\u1ed1ng n\u00e0y c\u00f3 t\u00e1c d\u1ee5ng lo\u1ea1i b\u1ecf c\u00e1c t\u1ea1p ch\u1ea5t v\u00e0 c\u1eb7n c\u00f3 trong dung d\u1ecbch \u0111\u1ec3 \u0111\u1ea3m b\u1ea3o s\u1ea3n ph\u1ea9m ho\u00e0n th\u00e0nh \u0111\u1ea1t ch\u1ea5t l\u01b0\u1ee3ng chu\u1ea9n, m\u1ecbn.<\/span><\/li>\n<li style=\"font-weight: 400;\" aria-level=\"1\"><b>M\u00e1y chi\u1ebft r\u00f3t th\u1ea1ch<\/b><span style=\"font-weight: 400;\">: B\u1ed9 ph\u1eadn n\u00e0y c\u00f3 ch\u1ee9c n\u0103ng ch\u00ednh l\u00e0 chi\u1ebft r\u00f3t dung d\u1ecbch th\u1ea1ch v\u00e0o c\u1ed1c ho\u1eb7c t\u00fai d\u1ea1ng c\u00f3 n\u1eafp v\u00f2i, t\u00fai th\u1ea1ch m\u00fat. T\u00f9y v\u00e0o nhu c\u1ea7u c\u1ee7a doanh nghi\u1ec7p m\u00e0 c\u00f3 th\u1ec3 thay \u0111\u1ed5i bao b\u00ec c\u1ee7a s\u1ea3n ph\u1ea9m.<\/span><\/li>\n<\/ul>\n<figure id=\"attachment_2173\" aria-describedby=\"caption-attachment-2173\" style=\"width: 748px\" class=\"wp-caption aligncenter\"><img loading=\"lazy\" decoding=\"async\" class=\"wp-image-2173 size-full\" src=\"https:\/\/www.dnc-automation.com\/vn\/wp-content\/uploads\/2024\/09\/may-dong-goi-thach-may-chiet-rot.jpg\" alt=\"Thi\u1ebft b\u1ecb chi\u1ebft r\u00f3t trong d\u00e2y chuy\u1ec1n \" width=\"748\" height=\"519\" \/><figcaption id=\"caption-attachment-2173\" class=\"wp-caption-text\">Thi\u1ebft b\u1ecb chi\u1ebft r\u00f3t trong d\u00e2y chuy\u1ec1n<\/figcaption><\/figure>\n<ul>\n<li style=\"font-weight: 400;\" aria-level=\"1\"><b>H\u1ec7 th\u1ed1ng l\u00e0m l\u1ea1nh<\/b><span style=\"font-weight: 400;\">: M\u00e1y l\u00e0m l\u1ea1nh nhanh gi\u00fap dung d\u1ecbch th\u1ea1ch \u0111\u00f4ng l\u1ea1i, c\u00f3 tr\u1ea1ng th\u00e1i \u1ed5n \u0111\u1ecbnh nh\u1ea5t tr\u01b0\u1edbc khi \u0111\u01b0a ra th\u1ecb tr\u01b0\u1eddng<\/span><\/li>\n<li style=\"font-weight: 400;\" aria-level=\"1\"><b>M\u00e1y \u0111\u00f3ng g\u00f3i c\u00e2n \u0111\u1ecbnh l\u01b0\u1ee3ng<\/b><span style=\"font-weight: 400;\">: B\u1ed9 ph\u1eadn cu\u1ed1i c\u00f9ng trong d\u00e2y chuy\u1ec1n m\u00e1y \u0111\u00f3ng g\u00f3i th\u1ea1ch t\u1ef1 \u0111\u1ed9ng c\u00f3 ch\u1ee9c n\u0103ng \u0111\u1ecbnh l\u01b0\u1ee3ng s\u1ea3n ph\u1ea9m v\u00e0 \u0111\u00f3ng g\u00f3i v\u00e0o c\u00e1c t\u00fai bao b\u00ec \u0111\u01b0\u1ee3c thi\u1ebft k\u1ebf s\u1eb5n<\/span><\/li>\n<\/ul>\n<h2><span class=\"ez-toc-section\" id=\"Thong_so_ky_thuat_cua_may_dong_goi_thach\"><\/span><span style=\"font-weight: 400;\">Th\u00f4ng s\u1ed1 k\u1ef9 thu\u1eadt c\u1ee7a m\u00e1y \u0111\u00f3ng g\u00f3i th\u1ea1ch<\/span><span class=\"ez-toc-section-end\"><\/span><\/h2>\n<ul>\n<li style=\"font-weight: 400;\" aria-level=\"1\"><span style=\"font-weight: 400;\">Xu\u1ea5t x\u1ee9: Trung Qu\u1ed1c<\/span><\/li>\n<li style=\"font-weight: 400;\" aria-level=\"1\"><span style=\"font-weight: 400;\">T\u1ea3i tr\u1ecdng thi\u1ebft b\u1ecb: ~ 300kg<\/span><\/li>\n<li style=\"font-weight: 400;\" aria-level=\"1\"><span style=\"font-weight: 400;\">K\u00edch th\u01b0\u1edbc m\u00e1y (DxRxC): <\/span><span style=\"font-weight: 400;\">1750x1200x880 mm<\/span><\/li>\n<li style=\"font-weight: 400;\" aria-level=\"1\"><span style=\"font-weight: 400;\">T\u1ed1c \u0111\u1ed9 \u0111\u00f3ng g\u00f3i: 30 &#8211; 50 g\u00f3i\/ph\u00fat<\/span><\/li>\n<li style=\"font-weight: 400;\" aria-level=\"1\"><span style=\"font-weight: 400;\">C\u00f4ng su\u1ea5t: 1.800 W\u00a0<\/span><\/li>\n<li style=\"font-weight: 400;\" aria-level=\"1\"><span style=\"font-weight: 400;\">Ph\u01b0\u01a1ng ph\u00e1p \u0111\u1ecbnh l\u01b0\u1ee3ng: \u0111\u1ecbnh l\u01b0\u1ee3ng d\u1ef1a v\u00e0o Pittong<\/span><\/li>\n<li style=\"font-weight: 400;\" aria-level=\"1\"><span style=\"font-weight: 400;\">Dung t\u00edch t\u00fai \u0111\u00f3ng g\u00f3i: 5 &#8211; 50ml<\/span><\/li>\n<li style=\"font-weight: 400;\" aria-level=\"1\"><span style=\"font-weight: 400;\">Ngu\u1ed3n \u0111i\u1ec7n cung c\u1ea5p: <\/span><span style=\"font-weight: 400;\">220V; 50 &#8211; 60 Hz<\/span><\/li>\n<li style=\"font-weight: 400;\" aria-level=\"1\"><span style=\"font-weight: 400;\">H\u1ec7 th\u1ed1ng \u0111i\u1ec1u khi\u1ec3n: \u0111i\u1ec1u khi\u1ec3n l\u1eadp tr\u00ecnh PLC<\/span><\/li>\n<li style=\"font-weight: 400;\" aria-level=\"1\"><span style=\"font-weight: 400;\">Ch\u1ea5t li\u1ec7u: Inox 304 cao c\u1ea5p<\/span><\/li>\n<li style=\"font-weight: 400;\" aria-level=\"1\"><span style=\"font-weight: 400;\">B\u1ea3o h\u00e0nh: 12 th\u00e1ng<\/span><\/li>\n<\/ul>\n<h2><span class=\"ez-toc-section\" id=\"Nhung_luu_y_khi_su_dung_may_dong_goi_thach_ma_ban_nen_biet\"><\/span><span style=\"font-weight: 400;\">Nh\u1eefng l\u01b0u \u00fd khi s\u1eed d\u1ee5ng m\u00e1y \u0111\u00f3ng g\u00f3i th\u1ea1ch m\u00e0 b\u1ea1n n\u00ean bi\u1ebft<\/span><span class=\"ez-toc-section-end\"><\/span><\/h2>\n<p><span style=\"font-weight: 400;\">Khi s\u1eed d\u1ee5ng m\u00e1y \u0111\u00f3ng g\u00f3i th\u1ea1ch, h\u00e3y ch\u00fa \u00fd c\u00e1c y\u1ebfu t\u1ed1 sau \u0111\u1ec3 \u0111\u1ea3m b\u1ea3o quy tr\u00ecnh s\u1ea3n xu\u1ea5t \u0111\u01b0\u1ee3c hi\u1ec7u qu\u1ea3 v\u00e0 an to\u00e0n<\/span><\/p>\n<ul>\n<li style=\"font-weight: 400;\" aria-level=\"1\"><span style=\"font-weight: 400;\">V\u1eadn h\u00e0nh m\u00e1y trong gi\u1edbi h\u1ea1n c\u00f4ng su\u1ea5t t\u1ed1i \u01b0u: M\u1ed7i d\u00e2y chuy\u1ec1n m\u00e1y \u0111\u00f3ng g\u00f3i th\u1ea1ch \u0111\u1ec1u \u0111\u01b0\u1ee3c thi\u1ebft k\u1ebf theo c\u00f4ng su\u1ea5t nh\u1ea5t \u0111\u1ecbnh, v\u00ec v\u1eady b\u1ea1n c\u1ea7n t\u00ednh to\u00e1n s\u1ea3n l\u01b0\u1ee3ng c\u0169ng nh\u01b0 s\u1ed1 l\u01b0\u1ee3ng \u0111\u1ec3 m\u00e1y ho\u1ea1t \u0111\u1ed9ng \u0111\u1ea1t hi\u1ec7u qu\u1ea3 nh\u1ea5t<\/span><\/li>\n<li style=\"font-weight: 400;\" aria-level=\"1\"><span style=\"font-weight: 400;\">Ki\u1ec3m tra m\u00e1y \u0111\u1ecbnh k\u1ef3: m\u00e1y \u0111\u00f3ng g\u00f3i th\u1ea1ch v\u00e0 c\u00e1c linh ki\u1ec7n k\u00e8m theo c\u1ea7n \u0111\u01b0\u1ee3c ki\u1ec3m tra th\u01b0\u1eddng xuy\u00ean \u0111\u1ec3 ph\u00e1t hi\u1ec7n s\u1ef1 c\u1ed1, tr\u00e1nh g\u00e2y h\u01b0 h\u1ecfng m\u00e1y.<\/span><\/li>\n<li style=\"font-weight: 400;\" aria-level=\"1\"><span style=\"font-weight: 400;\">B\u1ea3o \u0111\u1ea3m an to\u00e0n lao \u0111\u1ed9ng: Lu\u00f4n lu\u00f4n tu\u00e2n th\u1ee7 c\u00e1c quy t\u1eafc an to\u00e0n lao \u0111\u1ed9ng khi l\u00e0m vi\u1ec7c v\u1edbi m\u00e1y \u0111\u00f3ng g\u00f3i th\u1ea1ch.<\/span><\/li>\n<li style=\"font-weight: 400;\" aria-level=\"1\"><span style=\"font-weight: 400;\">V\u1ec7 sinh m\u00e1y sau m\u1ed7i l\u1ea7n s\u1eed d\u1ee5ng: M\u00e1y \u0111\u00f3ng g\u00f3i th\u1ea1ch c\u1ea7n \u0111\u01b0\u1ee3c v\u1ec7 sinh sau m\u1ed7i ca l\u00e0m vi\u1ec7c do c\u00e1c ch\u1ea5t t\u1eeb th\u1ea1ch v\u00e0 n\u01b0\u1edbc \u0111\u01b0\u1eddng d\u1ec5 b\u00e1m tr\u00ean b\u1ec1 m\u1eb7t thi\u1ebft b\u1ecb, c\u00f3 th\u1ec3 l\u00ean men v\u00e0 g\u00e2y h\u1ea1i cho s\u1ee9c kh\u1ecfe.\u00a0<\/span><\/li>\n<\/ul>\n<p><span style=\"font-weight: 400;\">S\u1eed d\u1ee5ng m\u00e1y \u0111\u00f3ng g\u00f3i th\u1ea1ch hi\u1ec7u qu\u1ea3 gi\u00fap n\u00e2ng cao s\u1ea3n xu\u1ea5t v\u00e0 ch\u1ea5t l\u01b0\u1ee3ng s\u1ea3n ph\u1ea9m. B\u1eb1ng c\u00e1ch tu\u00e2n th\u1ee7 c\u00e1c h\u01b0\u1edbng d\u1eabn, b\u1ea1n c\u00f3 th\u1ec3 t\u1ed1i \u01b0u h\u00f3a v\u1eadn h\u00e0nh v\u00e0 k\u00e9o d\u00e0i tu\u1ed5i th\u1ecd c\u1ee7a m\u00e1y.<\/span><\/p>\n<figure id=\"attachment_2172\" aria-describedby=\"caption-attachment-2172\" style=\"width: 748px\" class=\"wp-caption aligncenter\"><img loading=\"lazy\" decoding=\"async\" class=\"wp-image-2172 size-full\" src=\"https:\/\/www.dnc-automation.com\/vn\/wp-content\/uploads\/2024\/09\/may-dong-goi-thach-luu-y.jpg\" alt=\"L\u01b0u \u00fd khi s\u1eed d\u1ee5ng m\u00e1y \u0111\u00f3ng g\u00f3i th\u1ea1ch\" width=\"748\" height=\"610\" \/><figcaption id=\"caption-attachment-2172\" class=\"wp-caption-text\">L\u01b0u \u00fd khi s\u1eed d\u1ee5ng m\u00e1y \u0111\u00f3ng g\u00f3i th\u1ea1ch<\/figcaption><\/figure>\n<h2><span class=\"ez-toc-section\" id=\"Vay_nen_mua_may_dong_goi_thach_o_dau\"><\/span><span style=\"font-weight: 400;\">V\u1eady n\u00ean mua m\u00e1y \u0111\u00f3ng g\u00f3i th\u1ea1ch \u1edf \u0111\u00e2u?<\/span><span class=\"ez-toc-section-end\"><\/span><\/h2>\n<p><span style=\"font-weight: 400;\">Hi\u1ec7n nay tr\u00ean th\u1ecb tr\u01b0\u1eddng c\u00f3 r\u1ea5t nhi\u1ec1u doanh nghi\u1ec7p cung c\u1ea5p d\u00e2y chuy\u1ec1n m\u00e1y \u0111\u00f3ng g\u00f3i th\u1ea1ch t\u1ef1 \u0111\u1ed9ng. T\u1ea1i DNC Automation ch\u00fang t\u00f4i chuy\u00ean cung c\u1ea5p c\u00e1c gi\u1ea3i ph\u00e1p v\u1ec1 m\u00e1y \u0111\u00f3ng g\u00f3i th\u1ea1ch t\u1ef1 \u0111\u1ed9ng c\u00f3 c\u00f4ng ngh\u1ec7 ti\u00ean ti\u1ebfn, cam k\u1ebft \u0111\u1ed9 ch\u00ednh x\u00e1c v\u00e0 hi\u1ec7u qu\u1ea3 cao trong qu\u00e1 tr\u00ecnh s\u1ea3n xu\u1ea5t. V\u1edbi kh\u1ea3 n\u0103ng linh ho\u1ea1t v\u00e0 c\u00f3 th\u1ec3 t\u00edch h\u1ee3p v\u1edbi c\u00e1c thi\u1ebft b\u1ecb kh\u00e1c nhau, DNC ch\u00fang t\u00f4i tin r\u1eb1ng c\u00f3 th\u1ec3 mang \u0111\u1ebfn nhi\u1ec1u gi\u1ea3i ph\u00e1p t\u1ed1i \u01b0u cho c\u01a1 s\u1edf s\u1ea3n xu\u1ea5t c\u1ee7a b\u1ea1n.<\/span><\/p>\n<p><span style=\"font-weight: 400;\">H\u00e3y li\u00ean h\u1ec7 v\u1edbi ch\u00fang t\u00f4i qua hotline b\u00ean d\u01b0\u1edbi n\u1ebfu c\u00f3 b\u1ea5t k\u1ef3 th\u1eafc m\u1eafc n\u00e0o v\u1ec1 s\u1ea3n ph\u1ea9m, ch\u00fang t\u00f4i r\u1ea5t s\u1eb5n l\u00f2ng gi\u1ea3i \u0111\u00e1p cho b\u1ea1n!<\/span><\/p>\n","protected":false},"excerpt":{"rendered":"<p><span style=\"font-weight: 400;\">V\u00ec sao n\u00ean s\u1eed d\u1ee5ng d\u00e2y chuy\u1ec1n m\u00e1y \u0111\u00f3ng g\u00f3i th\u1ea1ch trong quy tr\u00ecnh s\u1ea3n xu\u1ea5t? V\u1edbi n\u0103ng su\u1ea5t m\u00e1y c\u00f3 th\u1ec3 \u0111\u1ea1t t\u1eeb 30-50sp\/ph\u00fat ( t\u00f9y tr\u1ecdng l\u01b0\u1ee3ng t\u00fai) gi\u00fap ti\u1ebft ki\u1ec7m th\u1eddi gian c\u0169ng nh\u01b0 chi ph\u00ed s\u1ea3n xu\u1ea5t cho doanh nghi\u1ec7p.\u00a0<\/span><\/p>\n<p><span style=\"font-weight: 400;\">C\u0169ng nh\u01b0 c\u00e1c d\u00e2y chuy\u1ec1n m\u00e1y \u0111\u00f3ng kh\u00e1c, m\u00e1y \u0111\u00f3ng g\u00f3i th\u1ea1ch c\u1ea5u t\u1ea1o \u0111\u01a1n gi\u1ea3n g\u1ed3m 6 ph\u1ea7n ch\u00ednh nh\u01b0 m\u00e1y tr\u1ed9n, b\u1ed3n gia nhi\u1ec7t, h\u1ec7 th\u1ed1ng l\u1ecdc, m\u00e1y chi\u1ebft r\u00f3t th\u1ea1ch, h\u1ec7 th\u1ed1ng l\u00e0m l\u1ea1nh v\u00e0 m\u00e1y \u0111\u00f3ng g\u00f3i c\u00e2n \u0111\u1ecbnh l\u01b0\u1ee3ng. Tuy nhi\u00ean \u0111\u1ec3 \u0111\u1ea3m b\u1ea3o quy tr\u00ecnh s\u1ea3n xu\u1ea5t \u0111\u01b0\u1ee3c hi\u1ec7u qu\u1ea3 v\u00e0 an to\u00e0n, b\u1ea1n c\u1ea7n l\u01b0u \u00fd m\u1ed9t v\u00e0i kinh nghi\u1ec7m trong qu\u00e1 tr\u00ecnh s\u1eed d\u1ee5ng m\u00e1y.<\/span><\/p>\n","protected":false},"featured_media":7262,"comment_status":"open","ping_status":"closed","template":"","meta":{"rank_math_lock_modified_date":false,"_wpscppro_custom_social_share_image":0,"_facebook_share_type":"","_twitter_share_type":"","_linkedin_share_type":"","_pinterest_share_type":"","_linkedin_share_type_page":"","_instagram_share_type":"","_medium_share_type":"","_selected_social_profile":[]},"product_cat":[44],"product_tag":[],"ppma_author":[47],"class_list":{"0":"post-2168","1":"product","2":"type-product","3":"status-publish","4":"has-post-thumbnail","6":"product_cat-may-dong-goi","8":"first","9":"instock","10":"shipping-taxable","11":"product-type-simple","12":"add-to-wishlist-after_add_to_cart"},"_links":{"self":[{"href":"https:\/\/www.dnc-automation.com\/vn\/wp-json\/wp\/v2\/product\/2168","targetHints":{"allow":["GET"]}}],"collection":[{"href":"https:\/\/www.dnc-automation.com\/vn\/wp-json\/wp\/v2\/product"}],"about":[{"href":"https:\/\/www.dnc-automation.com\/vn\/wp-json\/wp\/v2\/types\/product"}],"replies":[{"embeddable":true,"href":"https:\/\/www.dnc-automation.com\/vn\/wp-json\/wp\/v2\/comments?post=2168"}],"version-history":[{"count":6,"href":"https:\/\/www.dnc-automation.com\/vn\/wp-json\/wp\/v2\/product\/2168\/revisions"}],"predecessor-version":[{"id":7864,"href":"https:\/\/www.dnc-automation.com\/vn\/wp-json\/wp\/v2\/product\/2168\/revisions\/7864"}],"wp:featuredmedia":[{"embeddable":true,"href":"https:\/\/www.dnc-automation.com\/vn\/wp-json\/wp\/v2\/media\/7262"}],"wp:attachment":[{"href":"https:\/\/www.dnc-automation.com\/vn\/wp-json\/wp\/v2\/media?parent=2168"}],"wp:term":[{"taxonomy":"product_cat","embeddable":true,"href":"https:\/\/www.dnc-automation.com\/vn\/wp-json\/wp\/v2\/product_cat?post=2168"},{"taxonomy":"product_tag","embeddable":true,"href":"https:\/\/www.dnc-automation.com\/vn\/wp-json\/wp\/v2\/product_tag?post=2168"},{"taxonomy":"author","embeddable":true,"href":"https:\/\/www.dnc-automation.com\/vn\/wp-json\/wp\/v2\/ppma_author?post=2168"}],"curies":[{"name":"wp","href":"https:\/\/api.w.org\/{rel}","templated":true}]}}